{"id":11063,"date":"2022-12-14T14:18:45","date_gmt":"2022-12-14T21:18:45","guid":{"rendered":"https:\/\/sambabrazilianmarket.com\/?post_type=product&#038;p=11063"},"modified":"2026-04-30T20:55:01","modified_gmt":"2026-05-01T02:55:01","slug":"cha-matte-leao-c-limao-30g","status":"publish","type":"product","link":"https:\/\/sambabrazilianmarket.com\/en\/loja\/cha-matte-leao-c-limao-30g\/","title":{"rendered":"Ch\u00e1 Matte Le\u00e3o 40g"},"content":{"rendered":"<p>Ch\u00e1 Matte Le\u00e3o 40g<\/p>","protected":false},"excerpt":{"rendered":"<p>Ch\u00e1 Matte Le\u00e3o 40g<\/p>","protected":false},"featured_media":8852,"template":"","meta":[],"product_brand":[],"product_cat":[171],"product_tag":[],"class_list":{"0":"post-11063","1":"product","2":"type-product","3":"status-publish","4":"has-post-thumbnail","6":"product_cat-bebidas","8":"first","9":"instock","10":"purchasable","11":"product-type-simple"},"_links":{"self":[{"href":"https:\/\/sambabrazilianmarket.com\/en\/wp-json\/wp\/v2\/product\/11063","targetHints":{"allow":["GET"]}}],"collection":[{"href":"https:\/\/sambabrazilianmarket.com\/en\/wp-json\/wp\/v2\/product"}],"about":[{"href":"https:\/\/sambabrazilianmarket.com\/en\/wp-json\/wp\/v2\/types\/product"}],"wp:featuredmedia":[{"embeddable":true,"href":"https:\/\/sambabrazilianmarket.com\/en\/wp-json\/wp\/v2\/media\/8852"}],"wp:attachment":[{"href":"https:\/\/sambabrazilianmarket.com\/en\/wp-json\/wp\/v2\/media?parent=11063"}],"wp:term":[{"taxonomy":"product_brand","embeddable":true,"href":"https:\/\/sambabrazilianmarket.com\/en\/wp-json\/wp\/v2\/product_brand?post=11063"},{"taxonomy":"product_cat","embeddable":true,"href":"https:\/\/sambabrazilianmarket.com\/en\/wp-json\/wp\/v2\/product_cat?post=11063"},{"taxonomy":"product_tag","embeddable":true,"href":"https:\/\/sambabrazilianmarket.com\/en\/wp-json\/wp\/v2\/product_tag?post=11063"}],"curies":[{"name":"wp","href":"https:\/\/api.w.org\/{rel}","templated":true}]}}