{"id":14265,"date":"2024-04-18T13:55:05","date_gmt":"2024-04-18T19:55:05","guid":{"rendered":"https:\/\/sambabrazilianmarket.com\/?post_type=product&#038;p=14265"},"modified":"2026-04-15T08:03:44","modified_gmt":"2026-04-15T14:03:44","slug":"fuba-pre-cozido-1kg-sinha","status":"publish","type":"product","link":"https:\/\/sambabrazilianmarket.com\/en\/loja\/fuba-pre-cozido-1kg-sinha\/","title":{"rendered":"Fub\u00e1 Pr\u00e9-Cozido 1Kg &#8211; Sinh\u00e1"},"content":{"rendered":"<p>Fub\u00e1 Pr\u00e9-Cozido 1Kg &#8211; Sinh\u00e1<\/p>","protected":false},"excerpt":{"rendered":"<p>Fub\u00e1 Pr\u00e9-Cozido 1Kg &#8211; Sinh\u00e1<\/p>","protected":false},"featured_media":14267,"template":"","meta":[],"product_brand":[],"product_cat":[168],"product_tag":[],"class_list":{"0":"post-14265","1":"product","2":"type-product","3":"status-publish","4":"has-post-thumbnail","6":"product_cat-farinhas-e-farofas","8":"first","9":"instock","10":"purchasable","11":"product-type-simple"},"_links":{"self":[{"href":"https:\/\/sambabrazilianmarket.com\/en\/wp-json\/wp\/v2\/product\/14265","targetHints":{"allow":["GET"]}}],"collection":[{"href":"https:\/\/sambabrazilianmarket.com\/en\/wp-json\/wp\/v2\/product"}],"about":[{"href":"https:\/\/sambabrazilianmarket.com\/en\/wp-json\/wp\/v2\/types\/product"}],"wp:featuredmedia":[{"embeddable":true,"href":"https:\/\/sambabrazilianmarket.com\/en\/wp-json\/wp\/v2\/media\/14267"}],"wp:attachment":[{"href":"https:\/\/sambabrazilianmarket.com\/en\/wp-json\/wp\/v2\/media?parent=14265"}],"wp:term":[{"taxonomy":"product_brand","embeddable":true,"href":"https:\/\/sambabrazilianmarket.com\/en\/wp-json\/wp\/v2\/product_brand?post=14265"},{"taxonomy":"product_cat","embeddable":true,"href":"https:\/\/sambabrazilianmarket.com\/en\/wp-json\/wp\/v2\/product_cat?post=14265"},{"taxonomy":"product_tag","embeddable":true,"href":"https:\/\/sambabrazilianmarket.com\/en\/wp-json\/wp\/v2\/product_tag?post=14265"}],"curies":[{"name":"wp","href":"https:\/\/api.w.org\/{rel}","templated":true}]}}