{"id":16183,"date":"2025-07-25T11:15:55","date_gmt":"2025-07-25T17:15:55","guid":{"rendered":"https:\/\/sambabrazilianmarket.com\/?post_type=product&#038;p=16183"},"modified":"2026-04-18T16:38:08","modified_gmt":"2026-04-18T22:38:08","slug":"pao-frances-congelado-520g-brico","status":"publish","type":"product","link":"https:\/\/sambabrazilianmarket.com\/en\/loja\/pao-frances-congelado-520g-brico\/","title":{"rendered":"P\u00e3o Franc\u00eas Congelado 520g"},"content":{"rendered":"<p>P\u00e3o Franc\u00eas Congelado 520g \u2013 Brico<\/p>","protected":false},"excerpt":{"rendered":"<p>P\u00e3o Franc\u00eas Congelado 520g \u2013 Brico<\/p>","protected":false},"featured_media":17065,"template":"","meta":[],"product_brand":[],"product_cat":[169],"product_tag":[],"class_list":{"0":"post-16183","1":"product","2":"type-product","3":"status-publish","4":"has-post-thumbnail","6":"product_cat-congelados","8":"first","9":"instock","10":"featured","11":"purchasable","12":"product-type-simple"},"_links":{"self":[{"href":"https:\/\/sambabrazilianmarket.com\/en\/wp-json\/wp\/v2\/product\/16183","targetHints":{"allow":["GET"]}}],"collection":[{"href":"https:\/\/sambabrazilianmarket.com\/en\/wp-json\/wp\/v2\/product"}],"about":[{"href":"https:\/\/sambabrazilianmarket.com\/en\/wp-json\/wp\/v2\/types\/product"}],"wp:featuredmedia":[{"embeddable":true,"href":"https:\/\/sambabrazilianmarket.com\/en\/wp-json\/wp\/v2\/media\/17065"}],"wp:attachment":[{"href":"https:\/\/sambabrazilianmarket.com\/en\/wp-json\/wp\/v2\/media?parent=16183"}],"wp:term":[{"taxonomy":"product_brand","embeddable":true,"href":"https:\/\/sambabrazilianmarket.com\/en\/wp-json\/wp\/v2\/product_brand?post=16183"},{"taxonomy":"product_cat","embeddable":true,"href":"https:\/\/sambabrazilianmarket.com\/en\/wp-json\/wp\/v2\/product_cat?post=16183"},{"taxonomy":"product_tag","embeddable":true,"href":"https:\/\/sambabrazilianmarket.com\/en\/wp-json\/wp\/v2\/product_tag?post=16183"}],"curies":[{"name":"wp","href":"https:\/\/api.w.org\/{rel}","templated":true}]}}