{"id":16577,"date":"2025-12-01T13:21:07","date_gmt":"2025-12-01T20:21:07","guid":{"rendered":"https:\/\/sambabrazilianmarket.com\/?post_type=product&#038;p=16577"},"modified":"2026-05-04T17:03:51","modified_gmt":"2026-05-04T23:03:51","slug":"cha-leao-mate-terere-menta-e-limao-500g","status":"publish","type":"product","link":"https:\/\/sambabrazilianmarket.com\/en\/loja\/cha-leao-mate-terere-menta-e-limao-500g\/","title":{"rendered":"Terer\u00e9 Menta e Lim\u00e3o 500g Le\u00e3o"},"content":{"rendered":"<h1 class=\"nome-produto\">Ch\u00e1 Le\u00e3o Mate Terer\u00e9 Menta e Lim\u00e3o 500g<\/h1>","protected":false},"excerpt":{"rendered":"<p>Ch\u00e1 Le\u00e3o Mate Terer\u00e9 Menta e Lim\u00e3o 500g<\/p>","protected":false},"featured_media":16578,"template":"","meta":[],"product_brand":[],"product_cat":[171],"product_tag":[],"class_list":{"0":"post-16577","1":"product","2":"type-product","3":"status-publish","4":"has-post-thumbnail","6":"product_cat-bebidas","8":"first","9":"instock","10":"purchasable","11":"product-type-simple"},"_links":{"self":[{"href":"https:\/\/sambabrazilianmarket.com\/en\/wp-json\/wp\/v2\/product\/16577","targetHints":{"allow":["GET"]}}],"collection":[{"href":"https:\/\/sambabrazilianmarket.com\/en\/wp-json\/wp\/v2\/product"}],"about":[{"href":"https:\/\/sambabrazilianmarket.com\/en\/wp-json\/wp\/v2\/types\/product"}],"wp:featuredmedia":[{"embeddable":true,"href":"https:\/\/sambabrazilianmarket.com\/en\/wp-json\/wp\/v2\/media\/16578"}],"wp:attachment":[{"href":"https:\/\/sambabrazilianmarket.com\/en\/wp-json\/wp\/v2\/media?parent=16577"}],"wp:term":[{"taxonomy":"product_brand","embeddable":true,"href":"https:\/\/sambabrazilianmarket.com\/en\/wp-json\/wp\/v2\/product_brand?post=16577"},{"taxonomy":"product_cat","embeddable":true,"href":"https:\/\/sambabrazilianmarket.com\/en\/wp-json\/wp\/v2\/product_cat?post=16577"},{"taxonomy":"product_tag","embeddable":true,"href":"https:\/\/sambabrazilianmarket.com\/en\/wp-json\/wp\/v2\/product_tag?post=16577"}],"curies":[{"name":"wp","href":"https:\/\/api.w.org\/{rel}","templated":true}]}}