{"id":17149,"date":"2026-03-30T17:39:00","date_gmt":"2026-03-30T23:39:00","guid":{"rendered":"https:\/\/sambabrazilianmarket.com\/?post_type=product&#038;p=17149"},"modified":"2026-04-14T21:51:56","modified_gmt":"2026-04-15T03:51:56","slug":"red-bull-acai-lata-250m","status":"publish","type":"product","link":"https:\/\/sambabrazilianmarket.com\/en\/loja\/red-bull-acai-lata-250m\/","title":{"rendered":"Red Bull A\u00e7a\u00ed Lata 250m"},"content":{"rendered":"<p>Red Bull A\u00e7a\u00ed Lata 250m<\/p>","protected":false},"excerpt":{"rendered":"<p>Red Bull A\u00e7a\u00ed Lata 250m<\/p>","protected":false},"featured_media":17150,"template":"","meta":[],"product_brand":[],"product_cat":[171],"product_tag":[],"class_list":{"0":"post-17149","1":"product","2":"type-product","3":"status-publish","4":"has-post-thumbnail","6":"product_cat-bebidas","8":"first","9":"instock","10":"featured","11":"taxable","12":"shipping-taxable","13":"purchasable","14":"product-type-simple"},"_links":{"self":[{"href":"https:\/\/sambabrazilianmarket.com\/en\/wp-json\/wp\/v2\/product\/17149","targetHints":{"allow":["GET"]}}],"collection":[{"href":"https:\/\/sambabrazilianmarket.com\/en\/wp-json\/wp\/v2\/product"}],"about":[{"href":"https:\/\/sambabrazilianmarket.com\/en\/wp-json\/wp\/v2\/types\/product"}],"wp:featuredmedia":[{"embeddable":true,"href":"https:\/\/sambabrazilianmarket.com\/en\/wp-json\/wp\/v2\/media\/17150"}],"wp:attachment":[{"href":"https:\/\/sambabrazilianmarket.com\/en\/wp-json\/wp\/v2\/media?parent=17149"}],"wp:term":[{"taxonomy":"product_brand","embeddable":true,"href":"https:\/\/sambabrazilianmarket.com\/en\/wp-json\/wp\/v2\/product_brand?post=17149"},{"taxonomy":"product_cat","embeddable":true,"href":"https:\/\/sambabrazilianmarket.com\/en\/wp-json\/wp\/v2\/product_cat?post=17149"},{"taxonomy":"product_tag","embeddable":true,"href":"https:\/\/sambabrazilianmarket.com\/en\/wp-json\/wp\/v2\/product_tag?post=17149"}],"curies":[{"name":"wp","href":"https:\/\/api.w.org\/{rel}","templated":true}]}}