{"id":8436,"date":"2021-12-07T17:07:31","date_gmt":"2021-12-08T00:07:31","guid":{"rendered":"https:\/\/sambabrazilianmarket.com\/?post_type=product&#038;p=8436"},"modified":"2026-04-30T18:08:31","modified_gmt":"2026-05-01T00:08:31","slug":"arroz-camil","status":"publish","type":"product","link":"https:\/\/sambabrazilianmarket.com\/en\/loja\/arroz-camil\/","title":{"rendered":"Camil Rice 1kg"},"content":{"rendered":"","protected":false},"excerpt":{"rendered":"<p>Presente diariamente nas mesas de todo o Brasil, normalmente acompanhado de um Feij\u00e3o delicioso e fresquinho, o Arroz Camil j\u00e1 faz parte da fam\u00edlia.<\/p>\n<p>Boa fonte de amido, que fornece energia para as atividades corridas do dia a dia, o arroz branco tem baixo teor de gordura e \u00e9 um alimento de f\u00e1cil e r\u00e1pida digest\u00e3o.<\/p>\n<p>E o Arroz Camil \u00e9 muito f\u00e1cil de fazer, n\u00e3o precisa lavar e sempre fica branquinho e soltinho, pois \u00e9 selecionado eletronicamente. Basta colocar a cebola para refogar e deixar a casa toda com aquele perfume de arroz feito na hora que a fam\u00edlia ama. Hummm!<\/p>\n<p>Voc\u00ea tamb\u00e9m sabia que, al\u00e9m de n\u00e3o conter gl\u00faten, esse tipo de arroz tem prote\u00edna em sua composi\u00e7\u00e3o? A prote\u00edna \u00e9 um nutriente essencial para constru\u00e7\u00e3o e a manuten\u00e7\u00e3o dos m\u00fasculos!<\/p>\n<p>100% gr\u00e3os nobres<br \/>\nBaixo teor de gordura<br \/>\nFonte de energia<br \/>\nN\u00e3o cont\u00e9m gl\u00faten<br \/>\nN\u00e3o precisa lavar nem escolher<\/p>","protected":false},"featured_media":8437,"template":"","meta":[],"product_brand":[],"product_cat":[167],"product_tag":[],"class_list":{"0":"post-8436","1":"product","2":"type-product","3":"status-publish","4":"has-post-thumbnail","6":"product_cat-graos","8":"first","9":"instock","10":"purchasable","11":"product-type-simple"},"_links":{"self":[{"href":"https:\/\/sambabrazilianmarket.com\/en\/wp-json\/wp\/v2\/product\/8436","targetHints":{"allow":["GET"]}}],"collection":[{"href":"https:\/\/sambabrazilianmarket.com\/en\/wp-json\/wp\/v2\/product"}],"about":[{"href":"https:\/\/sambabrazilianmarket.com\/en\/wp-json\/wp\/v2\/types\/product"}],"wp:featuredmedia":[{"embeddable":true,"href":"https:\/\/sambabrazilianmarket.com\/en\/wp-json\/wp\/v2\/media\/8437"}],"wp:attachment":[{"href":"https:\/\/sambabrazilianmarket.com\/en\/wp-json\/wp\/v2\/media?parent=8436"}],"wp:term":[{"taxonomy":"product_brand","embeddable":true,"href":"https:\/\/sambabrazilianmarket.com\/en\/wp-json\/wp\/v2\/product_brand?post=8436"},{"taxonomy":"product_cat","embeddable":true,"href":"https:\/\/sambabrazilianmarket.com\/en\/wp-json\/wp\/v2\/product_cat?post=8436"},{"taxonomy":"product_tag","embeddable":true,"href":"https:\/\/sambabrazilianmarket.com\/en\/wp-json\/wp\/v2\/product_tag?post=8436"}],"curies":[{"name":"wp","href":"https:\/\/api.w.org\/{rel}","templated":true}]}}