{"id":8457,"date":"2021-12-07T17:34:07","date_gmt":"2021-12-08T00:34:07","guid":{"rendered":"https:\/\/sambabrazilianmarket.com\/?post_type=product&#038;p=8457"},"modified":"2026-05-05T15:29:29","modified_gmt":"2026-05-05T21:29:29","slug":"guarana-antarctica","status":"publish","type":"product","link":"https:\/\/sambabrazilianmarket.com\/en\/loja\/guarana-antarctica\/","title":{"rendered":"Guaran\u00e1 Pop, 350ml (Can)"},"content":{"rendered":"","protected":false},"excerpt":{"rendered":"<p>O refrigerante que \u00e9 coisa nossa, original do Brasil, em sua vers\u00e3o zero a\u00e7\u00facar. O mesmo sabor que faz sucesso h\u00e1 d\u00e9cadas, mas com uma receita sob medida para quem deseja ter uma vida mais leve!<\/p>","protected":false},"featured_media":14340,"template":"","meta":[],"product_brand":[],"product_cat":[171],"product_tag":[],"class_list":{"0":"post-8457","1":"product","2":"type-product","3":"status-publish","4":"has-post-thumbnail","6":"product_cat-bebidas","8":"first","9":"instock","10":"taxable","11":"shipping-taxable","12":"purchasable","13":"product-type-simple"},"_links":{"self":[{"href":"https:\/\/sambabrazilianmarket.com\/en\/wp-json\/wp\/v2\/product\/8457","targetHints":{"allow":["GET"]}}],"collection":[{"href":"https:\/\/sambabrazilianmarket.com\/en\/wp-json\/wp\/v2\/product"}],"about":[{"href":"https:\/\/sambabrazilianmarket.com\/en\/wp-json\/wp\/v2\/types\/product"}],"wp:featuredmedia":[{"embeddable":true,"href":"https:\/\/sambabrazilianmarket.com\/en\/wp-json\/wp\/v2\/media\/14340"}],"wp:attachment":[{"href":"https:\/\/sambabrazilianmarket.com\/en\/wp-json\/wp\/v2\/media?parent=8457"}],"wp:term":[{"taxonomy":"product_brand","embeddable":true,"href":"https:\/\/sambabrazilianmarket.com\/en\/wp-json\/wp\/v2\/product_brand?post=8457"},{"taxonomy":"product_cat","embeddable":true,"href":"https:\/\/sambabrazilianmarket.com\/en\/wp-json\/wp\/v2\/product_cat?post=8457"},{"taxonomy":"product_tag","embeddable":true,"href":"https:\/\/sambabrazilianmarket.com\/en\/wp-json\/wp\/v2\/product_tag?post=8457"}],"curies":[{"name":"wp","href":"https:\/\/api.w.org\/{rel}","templated":true}]}}