{"id":8741,"date":"2021-12-29T11:14:22","date_gmt":"2021-12-29T18:14:22","guid":{"rendered":"https:\/\/sambabrazilianmarket.com\/produto\/cafe-tradicional-3-coracoes\/"},"modified":"2026-04-15T23:24:11","modified_gmt":"2026-04-16T05:24:11","slug":"cafe-tradicional-3-coracoes","status":"publish","type":"product","link":"https:\/\/sambabrazilianmarket.com\/en\/loja\/cafe-tradicional-3-coracoes\/","title":{"rendered":"Toasted &amp; Ground Coffee 3 Cora\u00e7\u00f5es 500g"},"content":{"rendered":"","protected":false},"excerpt":{"rendered":"<p>Um cl\u00e1ssico com qualidade de origem mineira, trazendo de suas ra\u00edzes o gosto perfeito a cada x\u00edcara.<\/p>","protected":false},"featured_media":12670,"template":"","meta":[],"product_brand":[],"product_cat":[186],"product_tag":[],"class_list":{"0":"post-8741","1":"product","2":"type-product","3":"status-publish","4":"has-post-thumbnail","6":"product_cat-cafe-e-achocolatado","8":"first","9":"instock","10":"purchasable","11":"product-type-simple"},"_links":{"self":[{"href":"https:\/\/sambabrazilianmarket.com\/en\/wp-json\/wp\/v2\/product\/8741","targetHints":{"allow":["GET"]}}],"collection":[{"href":"https:\/\/sambabrazilianmarket.com\/en\/wp-json\/wp\/v2\/product"}],"about":[{"href":"https:\/\/sambabrazilianmarket.com\/en\/wp-json\/wp\/v2\/types\/product"}],"wp:featuredmedia":[{"embeddable":true,"href":"https:\/\/sambabrazilianmarket.com\/en\/wp-json\/wp\/v2\/media\/12670"}],"wp:attachment":[{"href":"https:\/\/sambabrazilianmarket.com\/en\/wp-json\/wp\/v2\/media?parent=8741"}],"wp:term":[{"taxonomy":"product_brand","embeddable":true,"href":"https:\/\/sambabrazilianmarket.com\/en\/wp-json\/wp\/v2\/product_brand?post=8741"},{"taxonomy":"product_cat","embeddable":true,"href":"https:\/\/sambabrazilianmarket.com\/en\/wp-json\/wp\/v2\/product_cat?post=8741"},{"taxonomy":"product_tag","embeddable":true,"href":"https:\/\/sambabrazilianmarket.com\/en\/wp-json\/wp\/v2\/product_tag?post=8741"}],"curies":[{"name":"wp","href":"https:\/\/api.w.org\/{rel}","templated":true}]}}