{"id":9206,"date":"2022-01-22T13:30:59","date_gmt":"2022-01-22T20:30:59","guid":{"rendered":"https:\/\/sambabrazilianmarket.com\/?post_type=product&#038;p=9206"},"modified":"2026-04-17T05:19:05","modified_gmt":"2026-04-17T11:19:05","slug":"pacoca-rolha-170g-da-colonia","status":"publish","type":"product","link":"https:\/\/sambabrazilianmarket.com\/en\/loja\/pacoca-rolha-170g-da-colonia\/","title":{"rendered":"Pa\u00e7oca Zero Adi\u00e7\u00e3o de A\u00e7\u00facar 170g &#8211; Da Col\u00f4nia"},"content":{"rendered":"","protected":false},"excerpt":{"rendered":"","protected":false},"featured_media":12202,"template":"","meta":[],"product_brand":[],"product_cat":[172],"product_tag":[],"class_list":{"0":"post-9206","1":"product","2":"type-product","3":"status-publish","4":"has-post-thumbnail","6":"product_cat-doces","8":"first","9":"instock","10":"featured","11":"taxable","12":"shipping-taxable","13":"purchasable","14":"product-type-simple"},"_links":{"self":[{"href":"https:\/\/sambabrazilianmarket.com\/en\/wp-json\/wp\/v2\/product\/9206","targetHints":{"allow":["GET"]}}],"collection":[{"href":"https:\/\/sambabrazilianmarket.com\/en\/wp-json\/wp\/v2\/product"}],"about":[{"href":"https:\/\/sambabrazilianmarket.com\/en\/wp-json\/wp\/v2\/types\/product"}],"wp:featuredmedia":[{"embeddable":true,"href":"https:\/\/sambabrazilianmarket.com\/en\/wp-json\/wp\/v2\/media\/12202"}],"wp:attachment":[{"href":"https:\/\/sambabrazilianmarket.com\/en\/wp-json\/wp\/v2\/media?parent=9206"}],"wp:term":[{"taxonomy":"product_brand","embeddable":true,"href":"https:\/\/sambabrazilianmarket.com\/en\/wp-json\/wp\/v2\/product_brand?post=9206"},{"taxonomy":"product_cat","embeddable":true,"href":"https:\/\/sambabrazilianmarket.com\/en\/wp-json\/wp\/v2\/product_cat?post=9206"},{"taxonomy":"product_tag","embeddable":true,"href":"https:\/\/sambabrazilianmarket.com\/en\/wp-json\/wp\/v2\/product_tag?post=9206"}],"curies":[{"name":"wp","href":"https:\/\/api.w.org\/{rel}","templated":true}]}}